{"id":19,"date":"2018-07-11T15:50:12","date_gmt":"2018-07-11T15:50:12","guid":{"rendered":"http:\/\/80.211.164.58\/?page_id=19"},"modified":"2023-04-12T04:51:05","modified_gmt":"2023-04-12T04:51:05","slug":"andet","status":"publish","type":"page","link":"https:\/\/rejsnu.dk\/?page_id=19","title":{"rendered":"ANDET"},"content":{"rendered":"<p><label><input type=\"checkbox\" id=\"frontend-checklist-12-item-0\" onchange=\"frontend_checklist_checkbox_changed(12, 1, 30)\"> Rygs\u00e6k (sport\/hiking\/ture)<\/label><\/p><p><label><input type=\"checkbox\" id=\"frontend-checklist-12-item-1\" onchange=\"frontend_checklist_checkbox_changed(12, 1, 30)\"> N\u00e5l og tr\u00e5d<\/label><\/p><p><label><input type=\"checkbox\" id=\"frontend-checklist-12-item-2\" onchange=\"frontend_checklist_checkbox_changed(12, 1, 30)\"> Saks<\/label><\/p><p><label><input type=\"checkbox\" id=\"frontend-checklist-12-item-3\" onchange=\"frontend_checklist_checkbox_changed(12, 1, 30)\"> Vaccinationskort<\/label><\/p><p><label><input type=\"checkbox\" id=\"frontend-checklist-12-item-4\" onchange=\"frontend_checklist_checkbox_changed(12, 1, 30)\"> GoPro\/undervandskamera og tilbeh\u00f8r<\/label><\/p><p><label><input type=\"checkbox\" id=\"frontend-checklist-12-item-5\" onchange=\"frontend_checklist_checkbox_changed(12, 1, 30)\"> JOBY GorillaPod (kamerastativ til mobiltelefon)<\/label><\/p><p><label><input type=\"checkbox\" id=\"frontend-checklist-12-item-6\" onchange=\"frontend_checklist_checkbox_changed(12, 1, 30)\"> Drone<\/label><\/p><p><label><input type=\"checkbox\" id=\"frontend-checklist-12-item-7\" onchange=\"frontend_checklist_checkbox_changed(12, 1, 30)\"> Dykkermaske\/sv\u00f8mmebriller<\/label><\/p><p><label><input type=\"checkbox\" id=\"frontend-checklist-12-item-8\" onchange=\"frontend_checklist_checkbox_changed(12, 1, 30)\"> \u00d8repropper (til vand\/nat)<\/label><\/p><p><label><input type=\"checkbox\" id=\"frontend-checklist-12-item-9\" onchange=\"frontend_checklist_checkbox_changed(12, 1, 30)\"> Solbriller<\/label><\/p><p><label><input type=\"checkbox\" id=\"frontend-checklist-12-item-10\" onchange=\"frontend_checklist_checkbox_changed(12, 1, 30)\"> Kasket<\/label><\/p><p><label><input type=\"checkbox\" id=\"frontend-checklist-12-item-11\" onchange=\"frontend_checklist_checkbox_changed(12, 1, 30)\"> Poser<\/label><\/p><p><label><input type=\"checkbox\" id=\"frontend-checklist-12-item-12\" onchange=\"frontend_checklist_checkbox_changed(12, 1, 30)\"> Vaskepulver<\/label><\/p><p><label><input type=\"checkbox\" id=\"frontend-checklist-12-item-13\" onchange=\"frontend_checklist_checkbox_changed(12, 1, 30)\"> Termometer<\/label><\/p><p><label><input type=\"checkbox\" id=\"frontend-checklist-12-item-14\" onchange=\"frontend_checklist_checkbox_changed(12, 1, 30)\"> N\u00f8gler<\/label><\/p><p><label><input type=\"checkbox\" id=\"frontend-checklist-12-item-15\" onchange=\"frontend_checklist_checkbox_changed(12, 1, 30)\"> Rejsekort (bus\/tog\/metro) til Danmark<\/label><\/p><p><label><input type=\"checkbox\" id=\"frontend-checklist-12-item-16\" onchange=\"frontend_checklist_checkbox_changed(12, 1, 30)\"> Rejsekort (bus\/tog\/metro) til destinationen<\/label><\/p><p><label><input type=\"checkbox\" id=\"frontend-checklist-12-item-17\" onchange=\"frontend_checklist_checkbox_changed(12, 1, 30)\"> Armb\u00e5ndsur (og oplader)<\/label><\/p><p><label><input type=\"checkbox\" id=\"frontend-checklist-12-item-18\" onchange=\"frontend_checklist_checkbox_changed(12, 1, 30)\"> Stikd\u00e5se(r)<\/label><\/p><p><label><input type=\"checkbox\" id=\"frontend-checklist-12-item-19\" onchange=\"frontend_checklist_checkbox_changed(12, 1, 30)\"> Rejseadapter<\/label><\/p><p><label><input type=\"checkbox\" id=\"frontend-checklist-12-item-20\" onchange=\"frontend_checklist_checkbox_changed(12, 1, 30)\"> Fiskegrej<\/label><\/p><p><label><input type=\"checkbox\" id=\"frontend-checklist-12-item-21\" onchange=\"frontend_checklist_checkbox_changed(12, 1, 30)\"> Myggenet og snor<\/label><\/p><p><label><input type=\"checkbox\" id=\"frontend-checklist-12-item-22\" onchange=\"frontend_checklist_checkbox_changed(12, 1, 30)\"> Chromecast<\/label><\/p><p><label><input type=\"checkbox\" id=\"frontend-checklist-12-item-23\" onchange=\"frontend_checklist_checkbox_changed(12, 1, 30)\"> H\u00e5ndtaske<\/label><\/p><p><label><input type=\"checkbox\" id=\"frontend-checklist-12-item-24\" onchange=\"frontend_checklist_checkbox_changed(12, 1, 30)\"> Paraply<\/label><\/p><script type=\"text\/javascript\">frontend_checklist_load_status(12, 1);<\/script>\n<h2>Tag med i flyet<\/h2>\n<p><label><input type=\"checkbox\" id=\"frontend-checklist-13-item-0\" onchange=\"frontend_checklist_checkbox_changed(13, 1, 30)\"> Sodavand\/juice\/postevand, k\u00f8bes efter sikkerhedstjek<\/label><\/p><p><label><input type=\"checkbox\" id=\"frontend-checklist-13-item-1\" onchange=\"frontend_checklist_checkbox_changed(13, 1, 30)\"> Snacks\/mad<\/label><\/p><p><label><input type=\"checkbox\" id=\"frontend-checklist-13-item-2\" onchange=\"frontend_checklist_checkbox_changed(13, 1, 30)\"> Pas<\/label><\/p><p><label><input type=\"checkbox\" id=\"frontend-checklist-13-item-3\" onchange=\"frontend_checklist_checkbox_changed(13, 1, 30)\"> H\u00f8retelefoner, evt. ogs\u00e5 over-ear pga. st\u00f8j<\/label><\/p><p><label><input type=\"checkbox\" id=\"frontend-checklist-13-item-4\" onchange=\"frontend_checklist_checkbox_changed(13, 1, 30)\"> Sygesikringskort, kun til Danmark (evt. p\u00e5 telefon)<\/label><\/p><p><label><input type=\"checkbox\" id=\"frontend-checklist-13-item-5\" onchange=\"frontend_checklist_checkbox_changed(13, 1, 30)\"> Det Bl\u00e5 EU-sygesikringskort<\/label><\/p><p><label><input type=\"checkbox\" id=\"frontend-checklist-13-item-6\" onchange=\"frontend_checklist_checkbox_changed(13, 1, 30)\"> Papirer\/kort\/app til (rejse)forsikring<\/label><\/p><p><label><input type=\"checkbox\" id=\"frontend-checklist-13-item-7\" onchange=\"frontend_checklist_checkbox_changed(13, 1, 30)\"> EU k\u00f8rekort (telefon kun DK) og evt. internationalt<\/label><\/p><p><label><input type=\"checkbox\" id=\"frontend-checklist-13-item-8\" onchange=\"frontend_checklist_checkbox_changed(13, 1, 30)\"> Valuta<\/label><\/p><p><label><input type=\"checkbox\" id=\"frontend-checklist-13-item-9\" onchange=\"frontend_checklist_checkbox_changed(13, 1, 30)\"> Kreditkort (evt. p\u00e5 telefon)<\/label><\/p><p><label><input type=\"checkbox\" id=\"frontend-checklist-13-item-10\" onchange=\"frontend_checklist_checkbox_changed(13, 1, 30)\"> Billetter (evt. p\u00e5 telefon)<\/label><\/p><p><label><input type=\"checkbox\" id=\"frontend-checklist-13-item-11\" onchange=\"frontend_checklist_checkbox_changed(13, 1, 30)\"> Kuglepenne og papir<\/label><\/p><p><label><input type=\"checkbox\" id=\"frontend-checklist-13-item-12\" onchange=\"frontend_checklist_checkbox_changed(13, 1, 30)\"> Spillekort & andre spil<\/label><\/p><p><label><input type=\"checkbox\" id=\"frontend-checklist-13-item-13\" onchange=\"frontend_checklist_checkbox_changed(13, 1, 30)\"> Blade, krydsord & (rejse)b\u00f8ger<\/label><\/p><p><label><input type=\"checkbox\" id=\"frontend-checklist-13-item-14\" onchange=\"frontend_checklist_checkbox_changed(13, 1, 30)\"> Telefon & oplader<\/label><\/p><p><label><input type=\"checkbox\" id=\"frontend-checklist-13-item-15\" onchange=\"frontend_checklist_checkbox_changed(13, 1, 30)\"> Computer & oplader<\/label><\/p><p><label><input type=\"checkbox\" id=\"frontend-checklist-13-item-16\" onchange=\"frontend_checklist_checkbox_changed(13, 1, 30)\"> Tablet & oplader<\/label><\/p><p><label><input type=\"checkbox\" id=\"frontend-checklist-13-item-17\" onchange=\"frontend_checklist_checkbox_changed(13, 1, 30)\"> Powerbank\/batteribank (& str\u00f8mkabel)<\/label><\/p><p><label><input type=\"checkbox\" id=\"frontend-checklist-13-item-18\" onchange=\"frontend_checklist_checkbox_changed(13, 1, 30)\"> Mundbind<\/label><\/p><p><label><input type=\"checkbox\" id=\"frontend-checklist-13-item-19\" onchange=\"frontend_checklist_checkbox_changed(13, 1, 30)\"> Briller<\/label><\/p><p><label><input type=\"checkbox\" id=\"frontend-checklist-13-item-20\" onchange=\"frontend_checklist_checkbox_changed(13, 1, 30)\"> Holder til mobiltelefon<\/label><\/p><script type=\"text\/javascript\">frontend_checklist_load_status(13, 1);<\/script>\n","protected":false},"excerpt":{"rendered":"<p>Tag med i flyet<\/p>\n","protected":false},"author":1,"featured_media":14,"parent":0,"menu_order":0,"comment_status":"closed","ping_status":"closed","template":"","meta":{"footnotes":""},"class_list":["post-19","page","type-page","status-publish","has-post-thumbnail","hentry"],"_links":{"self":[{"href":"https:\/\/rejsnu.dk\/index.php?rest_route=\/wp\/v2\/pages\/19","targetHints":{"allow":["GET"]}}],"collection":[{"href":"https:\/\/rejsnu.dk\/index.php?rest_route=\/wp\/v2\/pages"}],"about":[{"href":"https:\/\/rejsnu.dk\/index.php?rest_route=\/wp\/v2\/types\/page"}],"author":[{"embeddable":true,"href":"https:\/\/rejsnu.dk\/index.php?rest_route=\/wp\/v2\/users\/1"}],"replies":[{"embeddable":true,"href":"https:\/\/rejsnu.dk\/index.php?rest_route=%2Fwp%2Fv2%2Fcomments&post=19"}],"version-history":[{"count":23,"href":"https:\/\/rejsnu.dk\/index.php?rest_route=\/wp\/v2\/pages\/19\/revisions"}],"predecessor-version":[{"id":251,"href":"https:\/\/rejsnu.dk\/index.php?rest_route=\/wp\/v2\/pages\/19\/revisions\/251"}],"wp:featuredmedia":[{"embeddable":true,"href":"https:\/\/rejsnu.dk\/index.php?rest_route=\/wp\/v2\/media\/14"}],"wp:attachment":[{"href":"https:\/\/rejsnu.dk\/index.php?rest_route=%2Fwp%2Fv2%2Fmedia&parent=19"}],"curies":[{"name":"wp","href":"https:\/\/api.w.org\/{rel}","templated":true}]}}